{"id":57,"date":"2021-01-20T17:46:16","date_gmt":"2021-01-20T16:46:16","guid":{"rendered":"https:\/\/mypodcast.is\/?page_id=57"},"modified":"2021-03-24T12:15:39","modified_gmt":"2021-03-24T11:15:39","slug":"startseite","status":"publish","type":"page","link":"https:\/\/mypodcast.is\/de\/","title":{"rendered":"Home"},"content":{"rendered":"<p>[vc_row padding_top_multiplier=\u201d\u201d columns_gap=\u201c60\u201d][vc_column width=\u201c1\/2\u201d][vc_column_text text_style=\u201cleader-text\u201d animation_duration=\u201cvery-slow\u201d]B\u00fchnenk\u00fcnstler haben das Tal\u00adent, die Worte und Kl\u00e4nge der anderen, der Dichter und Kom\u00adpon\u00adis\u00adten, der Chore\u00ado\u00adgraphen umzuset\u00adzen, das auszu\u00addr\u00fcck\u00aden, was andere erson\u00adnen&nbsp;haben.<\/p>\n<p>Aber sie haben auch selb\u00adst etwas zu sagen![\/vc_column_text][\/vc_column][vc_column width=\u201c1\/2\u201d][vc_column_text text_style=\u201cleader-text\u201d animation_delay=\u201c400\u201d animation_duration=\u201cvery-slow\u201d]Und dieser Pod\u00adcast soll ihnen die M\u00f6glichkeit bieten, zu Prob\u00adle\u00admen, die uns alle bewe\u00adgen, ihre Sicht, aber auch ihre L\u00f6sungsan\u00ads\u00e4tze vorzustellen.<br>\nSie sind wie jed\u00ader andere betrof\u00adfen von den Prob\u00adle\u00admen des All\u00adt\u00adags, des Lebens. Mit ihrer oft inter\u00adna\u00adtionalen Weit\u00adsicht, ihrer Kreativ\u00adit\u00e4t k\u00f6n\u00adnen sie eben\u00adso inspiri\u00aderen wie mit ihren Inter\u00adpre\u00adta\u00adtio\u00adnen gross\u00ader Werke auf den B\u00fch\u00adnen dieser Welt.[\/vc_column_text][\/vc_column][\/vc_row][vc_row][vc_column]<\/p><div class=\"grve-element grve-image grve-animated-item grve-duration-very-slow grve-fade-in-up grve-align-center\" style data-delay=\"200\">  <div class=\"grve-image-wrapper\"><img width=\"1500\" height=\"844\" src=\"https:\/\/mypodcast.is\/wp-content\/uploads\/2021\/01\/mesh-uFHfFHYYEgU-unsplash.jpg\" class=\"attachment-full size-full\" alt loading=\"lazy\" srcset=\"https:\/\/mypodcast.is\/wp-content\/uploads\/2021\/01\/mesh-uFHfFHYYEgU-unsplash.jpg 1x,https:\/\/mypodcast.is\/wp-content\/uploads\/2021\/01\/mesh-uFHfFHYYEgU-unsplash@2x-scaled.jpg 2x\">   <\/div><\/div>[\/vc_column][\/vc_row][vc_row heading_color=\u201cprimary\u20112\u201d padding_top_multiplier=\u201c3x\u201d padding_bottom_multiplier=\u201c5x\u201d columns_gap=\u201c60\u201d][vc_column][vc_row_inner][vc_column_inner width=\u201c1\/2\u201d]<h2 class=\"grve-element grve-title grve-align-left grve-animated-item grve-duration-very-slow grve-fade-in-up grve-h2\" style data-delay=\"200\"><span>Corona \u2013 das Ende der&nbsp;Kunst?&nbsp;\u2013<br>\nOder auch ein Neuanfang?!<\/span><\/h2>[\/vc_column_inner][vc_column_inner width=\u201c1\/2\u201d][\/vc_column_inner][\/vc_row_inner]<div class=\"grve-empty-space grve-height-1x\" style><\/div>[vc_row_inner][vc_column_inner width=\u201c1\/2\u201d][vc_column_text animation=\u201cgrve-fade-in-up\u201d animation_delay=\u201c400\u201d animation_duration=\u201cvery-slow\u201d]Es ist ein all\u00adge\u00admein\u00ader Kon\u00adsens, das seit dem Zweit\u00aden Weltkrieg kein anderes Ereig\u00adnis die Welt so umfan\u00adgre\u00adich und glob\u00adal getrof\u00adfen hat wie die COVID19-Pan\u00addemie. In weit\u00aden Teilen der Welt wur\u00adden s\u00e4mtliche Ver\u00adanstal\u00adtun\u00adgen abge\u00adsagt, und so wur\u00adden auch Konz\u00aderte, The\u00adater- und Oper\u00adnauf\u00adf\u00fchrun\u00adgen und Fes\u00adti\u00advals ein Opfer dieser Situation.\n<p>Wie reagiert die Kun\u00adst darauf? Was haben die K\u00fcn\u00adstler, jene, die son\u00adst im Ram\u00adp\u00aden\u00adlicht ste\u00adhen, dazu zu sagen? Wie sind sie betrof\u00adfen, k\u00fcn\u00adst\u00adlerisch, psy\u00adchisch, materiell?[\/vc_column_text][\/vc_column_inner][vc_column_inner width=\u201c1\/2\u201d][vc_column_text animation=\u201cgrve-fade-in-up\u201d animation_delay=\u201c600\u201d animation_duration=\u201cvery-slow\u201d]Wo sehen sie die Zukun\u00adft der Darstel\u00adlen\u00adden Kun\u00adst nach dem Ende der Pan\u00addemie? Hat sich etwas f\u00fcr immer ver\u00e4ndert?<\/p>\n<p>Auf diese und viele andere Fra\u00adgen geben inter\u00adna\u00adtionale K\u00fcn\u00adstler in diesem Pod\u00adcast ihre ganz per\u00ads\u00f6n\u00adlichen Antworten. Sie geben Ein\u00adblick in das, was diese Krise in ihnen aus\u00adl\u00f6st, wor\u00fcber sie nach\u00addenken, was sie bewegt.[\/vc_column_text][\/vc_column_inner][\/vc_row_inner][\/vc_column][\/vc_row][vc_row heading_color=\u201cdark\u201d bg_type=\u201ccolor\u201d padding_top_multiplier=\u201c4x\u201d padding_bottom_multiplier=\u201c4x\u201d columns_gap=\u201c60\u201d bg_color=\u201d#e7d5fb\u201d font_color=\u201c#000000\u201d][vc_column]<\/p><h2 class=\"grve-element grve-title grve-align-center grve-animated-item grve-duration-very-slow grve-fade-in-up grve-h2\" style data-delay=\"200\"><span>Wer macht denn mypodcastis?<\/span><\/h2><div class=\"grve-empty-space grve-height-1x\" style><\/div>[vc_row_inner][vc_column_inner width=\u201c1\/2\u201d][vc_column_text animation=\u201cgrve-fade-in-up\u201d animation_duration=\u201cvery-slow\u201d el_class=\u201clink-dark\u201d]Dieser Pod\u00adcast wird von&nbsp;<strong>Sascha Nad\u00ader<\/strong> pro\u00adduziert und von <strong>Rudolf Berg\u00ader<\/strong> gehostet. Und bei\u00adde wis\u00adsen auf\u00adgrund ihrer langj\u00e4hri\u00adgen beru\u00adflichen Erfahrung im Bere\u00adich der Darstel\u00adlen\u00adden Kun\u00adst genau, wovon sie sprechen.\n<p>Sie wollen mehr \u00fcber die bei\u00adden erfahren? Dann klick\u00aden sie <a href=\"https:\/\/mypodcast.is\/ueber-uns\/\"><strong>hier<\/strong><\/a>[\/vc_column_text][\/vc_column_inner][vc_column_inner width=\u201c1\/2\u201d][vc_column_text animation=\u201cgrve-fade-in-up\u201d animation_delay=\u201c400\u201d animation_duration=\u201cvery-slow\u201d]Um auf dem Laufend\u00aden zu bleibe, abon\u00adnieren sie ganz ein\u00adfach unsere Mailing-Liste![\/vc_column_text]<\/p><div class=\"grve-empty-space grve-height-1x\" style><\/div><div role=\"form\" class=\"wpcf7\" id=\"wpcf7-f13759-o1\" lang=\"en-US\" dir=\"ltr\">\n<div class=\"screen-reader-response\"><p role=\"status\" aria-live=\"polite\" aria-atomic=\"true\"><\/p> <ul><\/ul><\/div>\n<form action=\"\/de\/wp-json\/wp\/v2\/pages\/57#wpcf7-f13759-o1\" method=\"post\" class=\"wpcf7-form init\" novalidate=\"novalidate\" data-status=\"init\">\n<div style=\"display: none;\">\n<input type=\"hidden\" name=\"_wpcf7\" value=\"13759\">\n<input type=\"hidden\" name=\"_wpcf7_version\" value=\"5.4\">\n<input type=\"hidden\" name=\"_wpcf7_locale\" value=\"en_US\">\n<input type=\"hidden\" name=\"_wpcf7_unit_tag\" value=\"wpcf7-f13759-o1\">\n<input type=\"hidden\" name=\"_wpcf7_container_post\" value=\"0\">\n<input type=\"hidden\" name=\"_wpcf7_posted_data_hash\" value>\n<input type=\"hidden\" name=\"_wpcf7_recaptcha_response\" value>\n<\/div>\n<div class=\"grve-form grve-fields-grey-bg grve-fields-extra-round grve-align-center\">\n<div class=\"grve-fields-wrapper\">\n<div><span class=\"wpcf7-form-control-wrap your-name\"><input type=\"text\" name=\"your-name\" value size=\"40\" class=\"wpcf7-form-control wpcf7-text wpcf7-validates-as-required\" aria-required=\"true\" aria-invalid=\"false\" placeholder=\"Vor-und Nachname (Pflichtfeld)\"><\/span><\/div>\n<div><span class=\"wpcf7-form-control-wrap your-email\"><input type=\"email\" name=\"your-email\" value size=\"40\" class=\"wpcf7-form-control wpcf7-text wpcf7-email wpcf7-validates-as-required wpcf7-validates-as-email\" aria-required=\"true\" aria-invalid=\"false\" placeholder=\"E-Mail Adresse (Pflichtfeld)\"><\/span><\/div>\n<div><input type=\"submit\" value=\"Newsletter abonnieren\" class=\"wpcf7-form-control wpcf7-submit grve-extra-round\"><\/div>\n<\/div>\n<\/div>\n<div class=\"wpcf7-response-output\" aria-hidden=\"true\"><\/div><\/form><\/div>[\/vc_column_inner][\/vc_row_inner]<div class=\"grve-empty-space grve-height-2x\" style><\/div><div class=\"grve-element grve-video\" style><iframe title=\"Episode 4 - Hans Sigl\" width=\"1080\" height=\"608\" src=\"https:\/\/www.youtube.com\/embed\/-5ltX9Y1Qhc?feature=oembed\" frameborder=\"0\" allow=\"accelerometer; autoplay; clipboard-write; encrypted-media; gyroscope; picture-in-picture\" allowfullscreen><\/iframe><\/div><div class=\"grve-empty-space grve-height-1x\" style><\/div>[vc_column_text]Nach mehreren Gespr\u00e4chen mit K\u00fcn\u00adstlern aus dem Bere\u00adich des Musik\u00adthe\u00adatr\u00aders ist unser heutiger Gast ein TV-Star! Alle im deutschsprachi\u00adgen Raum ken\u00adnen Hans Sigl f\u00fcr seine Darstel\u00adlung der Titel\u00adrolle in der Serie \u201cBergdok\u00adtor\u201d. Er spricht heute \u00fcber seine Erfahrun\u00adgen, wie man in diesem Bere\u00adich mit der Pan\u00addemie umge\u00adht, wie sie seine Arbeitswelt, die der TV-Pro\u00adduk\u00adtion, beeinflusst.<br>\nAber Hans Sigl ist auch B\u00fch\u00adnenk\u00fcn\u00adstler, er ken\u00adnt auch den Ein\u00adfluss, den die gegen\u00adw\u00e4r\u00adtige Sit\u00adu\u00ada\u00adtion auf die Darstel\u00adlende Kun\u00adst im Live-Bere\u00adich hat. Und er stellt auch die (wichtige) Frage, ob die gegen\u00adw\u00e4r\u00adtige Krise nicht auch einen Blick durch ein Ver\u00adgr\u00f6sserungs\u00adglas auf eine bere\u00adits viel l\u00e4nger beste\u00adhende Prob\u00adlematik bietet?[\/vc_column_text][\/vc_column][\/vc_row][vc_row heading_color=\u201cprimary\u20112\u201d padding_top_multiplier=\u201c3x\u201d columns_gap=\u201c60\u201d][vc_column width=\u201c1\/2\u201d]<h2 class=\"grve-element grve-title grve-align-left grve-animated-item grve-duration-very-slow grve-fade-in-up grve-h2\" style data-delay=\"200\"><span>Unsere drei ersten Episoden<\/span><\/h2>[\/vc_column][vc_column width=\u201c1\/2\u201d][\/vc_column][\/vc_row][vc_row heading_color=\u201cprimary\u20112\u201d padding_bottom_multiplier=\u201c2x\u201d columns_gap=\u201c60\u201d][vc_column width=\u201c1\/2\u201d]<div class=\"grve-element grve-box grve-align-left\" style><div class=\"grve-media\"><iframe title=\"Episode 3 - Kristian Benedikt\" width=\"1080\" height=\"608\" src=\"https:\/\/www.youtube.com\/embed\/1y75mxCCVSc?feature=oembed\" frameborder=\"0\" allow=\"accelerometer; autoplay; clipboard-write; encrypted-media; gyroscope; picture-in-picture\" allowfullscreen><\/iframe><\/div>  <div class=\"grve-box-content\"><h3 class=\"grve-box-title grve-h3\">Kristian Benedikt<\/h3>    <p>Kris\u00adt\u00adian Benedikt ist heute ein\u00ader der weltweit gesucht\u00adesten Ten\u00f6re im Spin\u00adto-Reper\u00adtoire. Er hat in ganz Europa und auch Nor\u00addameri\u00adka bis hin zur New York\u00ader Met\u00adro\u00adpol\u00adi\u00adtan Opera gesungen.<br>\nSein Leben war nicht nur in der f\u00fcr viele andere K\u00fcn\u00adstler \u00fcblichen Art von der Pan\u00addemie betrof\u00adfen, er hat sich auch selb\u00adst im Sp\u00e4t\u00adsom\u00admer 2020 mit COVID angesteckt und einige schwierige Wochen erlebt. Er spricht offen zu und \u00fcber diese Erlebnisse,aber auch von sein\u00ader Heilung, sein\u00ader St\u00e4rke und dem Glauben an die Zukun\u00adft and gibt uns damit allen Hoffnung.<\/p>  <\/div><\/div>[\/vc_column][vc_column width=\u201c1\/2\u201d]<div class=\"grve-element grve-box grve-align-left\" style><div class=\"grve-media\"><iframe title=\"Episode 2 - Karen Kamensek\" width=\"1080\" height=\"608\" src=\"https:\/\/www.youtube.com\/embed\/O5s4HYyLVmo?feature=oembed\" frameborder=\"0\" allow=\"accelerometer; autoplay; clipboard-write; encrypted-media; gyroscope; picture-in-picture\" allowfullscreen><\/iframe><\/div>  <div class=\"grve-box-content\"><h3 class=\"grve-box-title grve-h3\">Karen Kamensek<\/h3>    <p>Karen Kamensek ist heute ein\u00ader der gesucht\u00adesten Diri\u00adgentin\u00adnen ihrer Gen\u00ader\u00ada\u00adtion. Doch nat\u00fcr\u00adlich hat die andauernde Pan\u00addemie Karens Sai\u00adson genau\u00adso v\u00f6l\u00adlig ver\u00e4n\u00addert wie f\u00fcr viele andere. Dar\u00fcber sprechen wir und \u00fcber das, was durch diese Krise in der Musik\u00adwelt aus\u00adgel\u00f6st wurde und wird, ins\u00adbeson\u00addere auch den Unter\u00adschied zwis\u00adchen Europa und Nordamerika.<br>\nAber Karen Kamensek hat auch sehr inter\u00ades\u00adsante Ansicht\u00aden \u00fcber m\u00f6gliche zuk\u00fcn\u00adftige Entwick\u00adlun\u00adgen der Darstel\u00adlen\u00adden&nbsp;Kunst!<\/p>  <\/div><\/div>[\/vc_column][\/vc_row][vc_row heading_color=\u201cprimary\u20112\u201d padding_bottom_multiplier=\u201c4x\u201d columns_gap=\u201c60\u201d][vc_column width=\u201c1\/2\u201d]<div class=\"grve-element grve-box grve-align-left\" style><div class=\"grve-media\"><iframe title=\"Episode 1 - Jose Cura\" width=\"1080\" height=\"608\" src=\"https:\/\/www.youtube.com\/embed\/K0DiMVjS8qs?feature=oembed\" frameborder=\"0\" allow=\"accelerometer; autoplay; clipboard-write; encrypted-media; gyroscope; picture-in-picture\" allowfullscreen><\/iframe><\/div>  <div class=\"grve-box-content\"><h3 class=\"grve-box-title grve-h3\">Jos\u00e9 Cura<\/h3>    <p>Jos\u00e9 Cura ist nicht nur ein Mul\u00adti\u00adtal\u00adent im Bere\u00adich der klas\u00adsis\u00adchen Musik, er macht sich auch Gedanken, wohin sich die Welt der Kun\u00adst entwick\u00adelt \u2013 weit \u00fcber die Gren\u00adzen von Oper und Gesang hinaus.<br>\nAuch Stars wie Jos\u00e9 Cura lei\u00adden unter der durch die Coro\u00adna-Pan\u00addemie aus\u00adgel\u00f6ste Krise. Was bleibt vom K\u00fcn\u00adstler, wenn ihm sein Pub\u00adlikum fehlt? Wie ver\u00adar\u00adbeit\u00adet er seine \u00c4ng\u00adste und Zweifel?<br>\nAber zeigt die Coro\u00adna-Krise zeigt nicht nur wie unter ein\u00ader Lupe, wo in Wahrheit der Schuh schon seit langem dr\u00fcckt? Jos\u00e9 Cura ver\u00adsucht in diesem Gespr\u00e4ch, Antworten darauf zu&nbsp;geben.<\/p>  <\/div><\/div>[\/vc_column][vc_column width=\u201c1\/2\u201d][\/vc_column][\/vc_row][vc_row heading_color=\u201cprimary\u20112\u201d columns_gap=\u201c60\u201d][vc_column width=\u201c1\/2\u201d]<h2 class=\"grve-element grve-title grve-align-left grve-animated-item grve-duration-very-slow grve-fade-in-up grve-h2\" style data-delay=\"200\"><span>Freuen Sie sich auf weitere Gespr\u00e4che mit:<\/span><\/h2>[\/vc_column][vc_column width=\u201c1\/2\u201d][\/vc_column][\/vc_row][vc_row heading_color=\u201cprimary\u20112\u201d columns_gap=\u201c60\u201d][vc_column width=\u201c1\/3\u201d]<div class=\"grve-element grve-image grve-animated-item grve-duration-very-slow grve-fade-in-up grve-align-center\" style data-delay=\"200\">  <div class=\"grve-image-wrapper\"><img width=\"942\" height=\"628\" src=\"https:\/\/mypodcast.is\/wp-content\/uploads\/2021\/01\/82B8C563-D1ED-5F1C-0CAB3DFC4E7DA818_carouselimage.jpg\" class=\"attachment-full size-full\" alt loading=\"lazy\" srcset=\"https:\/\/mypodcast.is\/wp-content\/uploads\/2021\/01\/82B8C563-D1ED-5F1C-0CAB3DFC4E7DA818_carouselimage.jpg 942w, https:\/\/mypodcast.is\/wp-content\/uploads\/2021\/01\/82B8C563-D1ED-5F1C-0CAB3DFC4E7DA818_carouselimage-300x200.jpg 300w, https:\/\/mypodcast.is\/wp-content\/uploads\/2021\/01\/82B8C563-D1ED-5F1C-0CAB3DFC4E7DA818_carouselimage-768x512.jpg 768w\" sizes=\"(max-width: 942px) 100vw, 942px\">   <\/div><\/div><div class=\"grve-empty-space grve-height-1x\" style><\/div><h2 class=\"grve-element grve-title grve-align-left grve-animated-item grve-duration-very-slow grve-fade-in-up grve-h3\" style data-delay=\"400\"><span>Joseph Olefirowicz<br>\n<span style=\"color: #ffffff;\">Dirigent<\/span><\/span><\/h2>[\/vc_column][vc_column width=\u201c1\/3\u201d]<div class=\"grve-element grve-image grve-animated-item grve-duration-very-slow grve-fade-in-up grve-align-center\" style data-delay=\"600\">  <div class=\"grve-image-wrapper\"><img width=\"1024\" height=\"683\" src=\"https:\/\/mypodcast.is\/wp-content\/uploads\/2021\/03\/34400272021_4a5f549e93_b.jpg\" class=\"attachment-full size-full\" alt loading=\"lazy\" srcset=\"https:\/\/mypodcast.is\/wp-content\/uploads\/2021\/03\/34400272021_4a5f549e93_b.jpg 1024w, https:\/\/mypodcast.is\/wp-content\/uploads\/2021\/03\/34400272021_4a5f549e93_b-300x200.jpg 300w, https:\/\/mypodcast.is\/wp-content\/uploads\/2021\/03\/34400272021_4a5f549e93_b-768x512.jpg 768w\" sizes=\"(max-width: 1024px) 100vw, 1024px\">   <\/div><\/div><div class=\"grve-empty-space grve-height-1x\" style><\/div><h3 class=\"grve-element grve-title grve-align-left grve-animated-item grve-duration-very-slow grve-fade-in-up grve-h3\" style data-delay=\"800\"><span>Peter Mario Katona<br>\n<span style=\"color: #ffffff;\">Casting Director<\/span><\/span><\/h3>[\/vc_column][vc_column width=\u201c1\/3\u201d]<div class=\"grve-element grve-image grve-animated-item grve-duration-very-slow grve-fade-in-up grve-align-center\" style data-delay=\"1000\">  <div class=\"grve-image-wrapper\"><img width=\"638\" height=\"425\" src=\"https:\/\/mypodcast.is\/wp-content\/uploads\/2021\/03\/xl_avatar-1.jpg\" class=\"attachment-full size-full\" alt loading=\"lazy\" srcset=\"https:\/\/mypodcast.is\/wp-content\/uploads\/2021\/03\/xl_avatar-1.jpg 638w, https:\/\/mypodcast.is\/wp-content\/uploads\/2021\/03\/xl_avatar-1-300x200.jpg 300w\" sizes=\"(max-width: 638px) 100vw, 638px\">   <\/div><\/div><div class=\"grve-empty-space grve-height-1x\" style><\/div><h3 class=\"grve-element grve-title grve-align-left grve-animated-item grve-duration-very-slow grve-fade-in-up grve-h3\" style data-delay=\"1200\"><span>David Pountney<br>\n<span style=\"color: #ffffff;\">Regisseur<\/span><\/span><\/h3>[\/vc_column][\/vc_row][vc_row heading_color=\u201cprimary\u20112\u201d padding_top_multiplier=\u201c5x\u201d columns_gap=\u201c60\u201d][vc_column width=\u201c1\/2\u201d]<h2 class=\"grve-element grve-title grve-align-left grve-animated-item grve-duration-very-slow grve-fade-in-up grve-h2\" style data-delay=\"200\"><span>mypodcastis is powered by<\/span><\/h2><div class=\"grve-empty-space grve-height-1x\" style><\/div>[vc_row_inner][vc_column_inner width=\u201c1\/2\u201d]<div class=\"grve-element grve-image grve-align-center\" style>  <div class=\"grve-image-wrapper\"><img width=\"473\" height=\"347\" src=\"https:\/\/mypodcast.is\/wp-content\/uploads\/2021\/02\/Artboard-Copy-6-2.png\" class=\"attachment-full size-full\" alt loading=\"lazy\" srcset=\"https:\/\/mypodcast.is\/wp-content\/uploads\/2021\/02\/Artboard-Copy-6-2.png 473w, https:\/\/mypodcast.is\/wp-content\/uploads\/2021\/02\/Artboard-Copy-6-2-300x220.png 300w\" sizes=\"(max-width: 473px) 100vw, 473px\">   <\/div><\/div>[\/vc_column_inner][vc_column_inner width=\u201c1\/2\u201d][\/vc_column_inner][\/vc_row_inner][\/vc_column][vc_column width=\u201c1\/2\u201d]<h2 class=\"grve-element grve-title grve-align-left grve-animated-item grve-duration-very-slow grve-fade-in-up grve-h2\" style data-delay=\"200\"><span>In collaboration with<\/span><\/h2><div class=\"grve-empty-space grve-height-1x\" style><\/div>[vc_row_inner][vc_column_inner width=\u201c1\/2\u201d]<div class=\"grve-element grve-image grve-align-center\" style>  <div class=\"grve-image-wrapper\"><img width=\"473\" height=\"347\" src=\"https:\/\/mypodcast.is\/wp-content\/uploads\/2021\/02\/Artboard-Copy-5-2.png\" class=\"attachment-full size-full\" alt loading=\"lazy\" srcset=\"https:\/\/mypodcast.is\/wp-content\/uploads\/2021\/02\/Artboard-Copy-5-2.png 473w, https:\/\/mypodcast.is\/wp-content\/uploads\/2021\/02\/Artboard-Copy-5-2-300x220.png 300w\" sizes=\"(max-width: 473px) 100vw, 473px\">   <\/div><\/div>[\/vc_column_inner][vc_column_inner width=\u201c1\/2\u201d]<div class=\"grve-element grve-image grve-align-center\" style>  <div class=\"grve-image-wrapper\"><img width=\"473\" height=\"347\" src=\"https:\/\/mypodcast.is\/wp-content\/uploads\/2021\/02\/Artboard-Copy-7-2.png\" class=\"attachment-full size-full\" alt loading=\"lazy\" srcset=\"https:\/\/mypodcast.is\/wp-content\/uploads\/2021\/02\/Artboard-Copy-7-2.png 473w, https:\/\/mypodcast.is\/wp-content\/uploads\/2021\/02\/Artboard-Copy-7-2-300x220.png 300w\" sizes=\"(max-width: 473px) 100vw, 473px\">   <\/div><\/div>[\/vc_column_inner][\/vc_row_inner]<div class=\"grve-empty-space grve-height-1x\" style><\/div>[vc_row_inner][vc_column_inner width=\u201c1\/2\u201d]<div class=\"grve-element grve-image grve-align-center\" style>  <div class=\"grve-image-wrapper\"><img width=\"473\" height=\"347\" src=\"https:\/\/mypodcast.is\/wp-content\/uploads\/2021\/02\/Artboard-Copy-4-3.png\" class=\"attachment-full size-full\" alt loading=\"lazy\" srcset=\"https:\/\/mypodcast.is\/wp-content\/uploads\/2021\/02\/Artboard-Copy-4-3.png 473w, https:\/\/mypodcast.is\/wp-content\/uploads\/2021\/02\/Artboard-Copy-4-3-300x220.png 300w\" sizes=\"(max-width: 473px) 100vw, 473px\">   <\/div><\/div>[\/vc_column_inner][vc_column_inner width=\u201c1\/2\u201d][\/vc_column_inner][\/vc_row_inner][\/vc_column][\/vc_row]\n","protected":false},"excerpt":{"rendered":"<p>[vc_row padding_top_multiplier=\u201d\u201d columns_gap=\u201c60\u201d][vc_column width=\u201c1\/2\u201d][vc_column_text text_style=\u201cleader-text\u201d animation_duration=\u201cvery-slow\u201d]B\u00fchnenk\u00fcnstler haben das Tal\u00adent, die Worte und Kl\u00e4nge der anderen, der Dichter und Kom\u00adpon\u00adis\u00adten, der Chore\u00ado\u00adgraphen umzuset\u00adzen, das auszu\u00addr\u00fcck\u00aden, was andere erson\u00adnen&nbsp;haben. Aber sie haben auch selb\u00adst etwas zu sagen![\/vc_column_text][\/vc_column][vc_column width=\u201c1\/2\u201d][vc_column_text text_style=\u201cleader-text\u201d animation_delay=\u201c400\u201d animation_duration=\u201cvery-slow\u201d]Und dieser Pod\u00adcast soll ihnen die M\u00f6glichkeit bieten, zu Prob\u00adle\u00admen, die uns alle bewe\u00adgen, ihre Sicht, aber&nbsp;[\u2026]<\/p>\n","protected":false},"author":1,"featured_media":0,"parent":0,"menu_order":0,"comment_status":"closed","ping_status":"closed","template":"","meta":{"wp_typography_post_enhancements_disabled":false},"_links":{"self":[{"href":"https:\/\/mypodcast.is\/de\/wp-json\/wp\/v2\/pages\/57"}],"collection":[{"href":"https:\/\/mypodcast.is\/de\/wp-json\/wp\/v2\/pages"}],"about":[{"href":"https:\/\/mypodcast.is\/de\/wp-json\/wp\/v2\/types\/page"}],"author":[{"embeddable":true,"href":"https:\/\/mypodcast.is\/de\/wp-json\/wp\/v2\/users\/1"}],"replies":[{"embeddable":true,"href":"https:\/\/mypodcast.is\/de\/wp-json\/wp\/v2\/comments?post=57"}],"version-history":[{"count":52,"href":"https:\/\/mypodcast.is\/de\/wp-json\/wp\/v2\/pages\/57\/revisions"}],"predecessor-version":[{"id":13770,"href":"https:\/\/mypodcast.is\/de\/wp-json\/wp\/v2\/pages\/57\/revisions\/13770"}],"wp:attachment":[{"href":"https:\/\/mypodcast.is\/de\/wp-json\/wp\/v2\/media?parent=57"}],"curies":[{"name":"wp","href":"https:\/\/api.w.org\/{rel}","templated":true}]}}